{"id":119,"date":"2010-12-05T12:53:36","date_gmt":"2010-12-05T11:53:36","guid":{"rendered":"http:\/\/www.muehlanger.at\/?page_id=119"},"modified":"2015-01-03T16:04:16","modified_gmt":"2015-01-03T15:04:16","slug":"online-bildarchiv","status":"publish","type":"page","link":"https:\/\/muehlanger.at\/?page_id=119","title":{"rendered":"Fotoanfragen"},"content":{"rendered":"<p>Mehr Fotos aus verschiedensten Kategorien (Sport \/ Lifestyle \/ Stilleben \/ Stockfotografie etc.) finden Sie auch u.a. bei meinem Partneragenturen:<\/p>\n<p><a title=\"IMAGO Stock Berlin\" href=\"http:\/\/www.imago-stock.de\" target=\"_blank\"><strong>http:\/\/www.imago-stock.de<\/strong><\/a><\/p>\n<p><a title=\"AUSTIA PRESSE AGENTUR - Bild\" href=\"http:\/\/www.picturedesk.com\" target=\"_blank\"><strong>http:\/\/www.picturedesk.com<\/strong><\/a><\/p>\n<p>Gew\u00fcnschte und ben\u00f6tigte Bilder k\u00f6nnen Ihnen rasch und unkompliziert \u00fcber ftp-Zugang \/ we-transfer \u00fcbermittelt werden.<\/p>\n<p>&nbsp;<\/p>\n","protected":false},"excerpt":{"rendered":"<p>Mehr Fotos aus verschiedensten Kategorien (Sport \/ Lifestyle \/ Stilleben \/ Stockfotografie etc.) finden Sie auch u.a. bei meinem Partneragenturen: http:\/\/www.imago-stock.de http:\/\/www.picturedesk.com Gew\u00fcnschte und ben\u00f6tigte Bilder k\u00f6nnen Ihnen rasch und unkompliziert \u00fcber ftp-Zugang \/ we-transfer \u00fcbermittelt werden. &nbsp;<\/p>\n","protected":false},"author":2,"featured_media":0,"parent":0,"menu_order":8,"comment_status":"open","ping_status":"closed","template":"page_full.php","meta":{"ngg_post_thumbnail":0,"footnotes":""},"class_list":["post-119","page","type-page","status-publish","hentry"],"_links":{"self":[{"href":"https:\/\/muehlanger.at\/index.php?rest_route=\/wp\/v2\/pages\/119","targetHints":{"allow":["GET"]}}],"collection":[{"href":"https:\/\/muehlanger.at\/index.php?rest_route=\/wp\/v2\/pages"}],"about":[{"href":"https:\/\/muehlanger.at\/index.php?rest_route=\/wp\/v2\/types\/page"}],"author":[{"embeddable":true,"href":"https:\/\/muehlanger.at\/index.php?rest_route=\/wp\/v2\/users\/2"}],"replies":[{"embeddable":true,"href":"https:\/\/muehlanger.at\/index.php?rest_route=%2Fwp%2Fv2%2Fcomments&post=119"}],"version-history":[{"count":6,"href":"https:\/\/muehlanger.at\/index.php?rest_route=\/wp\/v2\/pages\/119\/revisions"}],"predecessor-version":[{"id":3303,"href":"https:\/\/muehlanger.at\/index.php?rest_route=\/wp\/v2\/pages\/119\/revisions\/3303"}],"wp:attachment":[{"href":"https:\/\/muehlanger.at\/index.php?rest_route=%2Fwp%2Fv2%2Fmedia&parent=119"}],"curies":[{"name":"wp","href":"https:\/\/api.w.org\/{rel}","templated":true}]}}